{"id":10,"date":"2017-06-09T14:21:03","date_gmt":"2017-06-09T12:21:03","guid":{"rendered":"http:\/\/lacdubaggersee.fr\/?page_id=10"},"modified":"2017-09-11T13:16:46","modified_gmt":"2017-09-11T11:16:46","slug":"restaurant-lac-baggersee","status":"publish","type":"page","link":"http:\/\/lacdubaggersee.fr\/","title":{"rendered":"LE RESTAURANT DU LAC DU BAGGERSEE"},"content":{"rendered":"<div class=\"textwidget\">\n<p>Est le restaurant d\u2019application de l\u2019<a href=\"http:\/\/www.e2c67.org\" target=\"_blank\" rel=\"noopener\">Ecole de la 2<sup>\u00e8me<\/sup> Chance<\/a>. Cette \u00e9cole n\u2019est ni un lyc\u00e9e professionnel, ni un centre pour apprentis, mais les deux \u00e0 la fois\u00a0: elle permet d\u2019apprendre en produisant.<br \/>\nPar cette dimension entrepreunariale, la p\u00e9dagogie de l\u2019Ecole vise l\u2019int\u00e9gration progressive \u00e0 la vie professionnelle et sociale.<br \/>\nL\u2019apprentissage du m\u00e9tier et du travail en \u00e9quipe se fait \u00e0 travers les contraintes qu\u2019impose la production. Le vecteur de la transmission des savoirs-faire et des savoirs-\u00eatre du m\u00e9tier est le travail en commun du stagiaire et du formateur pour r\u00e9aliser ensemble les commandes.<\/p>\n<p style=\"text-align: center;\">Pour plus d\u2019informations\u00a0:<br \/>\n<strong>t\u00e9l 03 88 44 47 89<br \/>\n<\/strong>Rue du Baggersee<br \/>\n67100 Strasbourg<strong><br \/>\n<\/strong><a href=\"mailto:contact@lacdubaggersee.fr\">contactez-nous<\/a><\/p>\n<\/div>\n","protected":false},"excerpt":{"rendered":"<p>Est le restaurant d\u2019application de l\u2019Ecole de la 2\u00e8me Chance. Cette \u00e9cole n\u2019est ni un lyc\u00e9e professionnel, ni un centre pour apprentis, mais les deux \u00e0 la fois\u00a0: elle permet d\u2019apprendre en produisant. Par cette dimension entrepreunariale, la p\u00e9dagogie de&#8230;<\/p>\n","protected":false},"author":1,"featured_media":0,"parent":0,"menu_order":0,"comment_status":"closed","ping_status":"closed","template":"","meta":{"footnotes":""},"_links":{"self":[{"href":"http:\/\/lacdubaggersee.fr\/index.php\/wp-json\/wp\/v2\/pages\/10"}],"collection":[{"href":"http:\/\/lacdubaggersee.fr\/index.php\/wp-json\/wp\/v2\/pages"}],"about":[{"href":"http:\/\/lacdubaggersee.fr\/index.php\/wp-json\/wp\/v2\/types\/page"}],"author":[{"embeddable":true,"href":"http:\/\/lacdubaggersee.fr\/index.php\/wp-json\/wp\/v2\/users\/1"}],"replies":[{"embeddable":true,"href":"http:\/\/lacdubaggersee.fr\/index.php\/wp-json\/wp\/v2\/comments?post=10"}],"version-history":[{"count":36,"href":"http:\/\/lacdubaggersee.fr\/index.php\/wp-json\/wp\/v2\/pages\/10\/revisions"}],"predecessor-version":[{"id":169,"href":"http:\/\/lacdubaggersee.fr\/index.php\/wp-json\/wp\/v2\/pages\/10\/revisions\/169"}],"wp:attachment":[{"href":"http:\/\/lacdubaggersee.fr\/index.php\/wp-json\/wp\/v2\/media?parent=10"}],"curies":[{"name":"wp","href":"https:\/\/api.w.org\/{rel}","templated":true}]}}